{"id":2887,"date":"2025-02-21T10:20:54","date_gmt":"2025-02-21T09:20:54","guid":{"rendered":"https:\/\/platform.supercyberkids.eu\/?page_id=2887"},"modified":"2025-07-24T12:38:43","modified_gmt":"2025-07-24T10:38:43","slug":"privacy-policy","status":"publish","type":"page","link":"https:\/\/platform.supercyberkids.eu\/de\/privacy-policy\/","title":{"rendered":"Datenschutzerkl\u00e4rung"},"content":{"rendered":"<p><\/p>\n<div style=\"background-color: #ffffff; border: 1px solid #e0e0e0; padding: 2rem; border-radius: 8px; box-shadow: 0 4px 6px rgba(0, 0, 0, 0.05); max-width: 1400px; margin: 2rem auto;\">\n<div class=\"row m-0 pb-5\">\n<div class=\"col-12 tos_title py-3 font-weight-bold\"><strong>INFORMATIONEN \u00dcBER DIE VERARBEITUNG PERSONENBEZOGENER DATEN (gem. Art. 14 der EU-Verordnung 2016\/679)<\/strong><\/div>\n<div class=\"col-12 tos_content_privacy_policy\">Grifo Multimedia srl, mit Sitz in Via Galileo Galilei 15, 70037 &#8211; Ruvo di Puglia (BA), Ust.-Nummer 04954210722, tel. +39 0804602093, pec. grifomultimedia@legalmail.it (im Folgenden die &#8222;Gesellschaft&#8220;), als Verantwortlicher f\u00fcr die Datenverarbeitung, in diesem Dokument, gem\u00e4\u00df Art. 13 der europ\u00e4ischen Verordnung 679\/2016 \u00fcber den Schutz personenbezogener Daten (im Folgenden &#8222;DSGVO&#8220;) Informationen \u00fcber die Verarbeitung personenbezogener Daten des Nutzers\/Kunden (im Folgenden &#8222;Betroffener&#8220;), die beim Zugriff auf die Online-Plattform, bei der Registrierung der Nutzer auf der Plattform und bei der Durchf\u00fchrung von Aktivit\u00e4ten auf der Plattform selbst erhoben werden. <\/p>\n<p>Die Nutzung der Plattform oder der zugeh\u00f6rigen Anwendung ist Kindern unter 14 Jahren untersagt.\n<\/p><\/div>\n<div><\/div>\n<div class=\"col-12 tos_title py-3 font-weight-bold\"><strong>ZWECK UND RECHTSGRUNDLAGE DER VERARBEITUNG<\/strong><\/div>\n<div class=\"col-12 tos_content_privacy_policy\">Die von der Grifo Multimedia srl verarbeiteten personenbezogenen Daten umfassen beispielhaft und nicht ersch\u00f6pfend die folgenden Kategorien von Daten \u00fcber den Betroffenen:<br \/>\n<\/p>\n<ul>\n<li>\npers\u00f6nliche Daten, wie Benutzername, Land und E-Mail-Adresse;\n  <\/li>\n<p><\/p>\n<li>\nNavigationsdaten wie IP-Adressen, Protokolldaten oder Dom\u00e4nennamen und andere Parameter im Zusammenhang mit den verwendeten Computern, dem Betriebssystem und der IT-Umgebung (im Folgenden gemeinsam als &#8222;Daten&#8220; bezeichnet).\n    <\/li>\n<\/ul>\n<p>\nDie von Grifo Multimedia srl erhaltenen pers\u00f6nlichen Daten werden f\u00fcr die folgenden Zwecke verarbeitet:<br \/>\n<\/p>\n<ul>\n<li>\nRegistrierung und Nutzung der Plattform. Die Rechtsgrundlage der Verarbeitung ist die Erf\u00fcllung des Vertrags, dessen Vertragspartei die betroffene Person gem\u00e4\u00df Artikel 6 Absatz 1 Buchstabe b) der Verordnung (EU) Nr. 679\/2016 ist.\n    <\/li>\n<p><\/p>\n<li>\ndie Erfahrungen bei der Nutzung der Plattform und der angebotenen Dienste zu ermitteln, um das korrekte Funktionieren der Webseiten und ihrer Inhalte zu gew\u00e4hrleisten. Die Rechtsgrundlage der Verarbeitung ist die Verfolgung des berechtigten Interesses des f\u00fcr die Verarbeitung Verantwortlichen gem\u00e4\u00df Artikel 6 Absatz 1 Buchstabe f) der EU-Verordnung 679\/2016.\n    <\/li>\n<\/ul>\n<\/div>\n<div class=\"col-12 tos_title py-3 font-weight-bold\"><strong>EMPF\u00c4NGER DER DATEN<\/strong><\/div>\n<div class=\"col-12 tos_content_privacy_policy\">Die Empf\u00e4nger der personenbezogenen Daten sind folgende Personen:<\/p>\n<p>&#8211; Aufsichtsbeh\u00f6rden und, im Allgemeinen, \u00f6ffentliche oder private Einrichtungen, die \u00f6ffentliche Aufgaben wahrnehmen;<\/p>\n<p>&#8211; Fachfirmen oder Unternehmen im Rahmen von Unterst\u00fctzungs- und Beratungsverh\u00e4ltnissen;<\/p>\n<p>&#8211; Personen, die Kontroll-, \u00dcberpr\u00fcfungs- und Zertifizierungspflichten in Bezug auf die vom f\u00fcr die Datenverarbeitung Verantwortlichen durchgef\u00fchrten T\u00e4tigkeiten wahrnehmen;<\/p>\n<p>&#8211; Mitglieder des Konsortiums des Super Cyber Kids Projekts (ausschlie\u00dflich in anonymisierter Form).\n<\/p><\/div>\n<div><\/div>\n<div class=\"col-12 tos_title py-3 font-weight-bold\"><strong>RECHTE DER BETROFFENEN PARTEI<\/strong><\/div>\n<div class=\"col-12 tos_content_privacy_policy\">Die Betroffenen haben das Recht, Zugang zu ihren personenbezogenen Daten zu erhalten, deren Berichtigung oder L\u00f6schung zu erwirken, die Verarbeitung der sie betreffenden personenbezogenen Daten einzuschr\u00e4nken, sich der Verarbeitung zu widersetzen und beim Garanten eine Beschwerde zum Schutz ihrer personenbezogenen Daten einzureichen. Zur Aus\u00fcbung dieser Rechte, wie sie in der einschl\u00e4gigen Verordnung vorgesehen sind, k\u00f6nnen sich die Betroffenen an folgende E-Mail-Adresse wenden: comunicazione@grifomultimedia.it.\n<\/div>\n<div><\/div>\n<div class=\"col-12 tos_title py-3 font-weight-bold\"><strong>INFORMATIONEN \u00dcBER DIE VERWENDUNG VON COOKIES<\/strong><\/div>\n<div class=\"col-12 tos_content_privacy_policy\">Die Besucher der Website k\u00f6nnen einige sehr kleine Dateien, sogenannte &#8222;Cookies&#8220;, erhalten, um die korrekte Interaktion mit der Funktionalit\u00e4t der Website zu erm\u00f6glichen. Die Verwendung von so genannten &#8222;Cookies&#8220; ist ein Industriestandard, notwendig f\u00fcr das reibungslose Funktionieren der Website und ihre Verbesserung. Die Cookies werden auf dem Computer des Nutzers und nicht auf dieser Website gespeichert. W\u00e4hrend der Nutzung der Website kann der Nutzer Cookies von Dritten erhalten.<\/p>\n<p>Die Cookies, die auf dieser Website verwendet werden, werden verwendet, um die folgenden Funktionen zu verwalten:<\/p>\n<ul>\n<li>\ndie eingegebenen Einstellungen zu speichern\n    <\/li>\n<li>\ndie Nutzung der angebotenen Dienste zu analysieren, um das Surferlebnis zu optimieren\n    <\/li>\n<li>\ndie Sicherheit und Integrit\u00e4t der Website zu gew\u00e4hrleisten.\n    <\/li>\n<\/ul>\n<\/div>\n<div class=\"col-12 tos_title py-3 font-weight-bold\">Merkmale und Zwecke von Cookies<\/div>\n<div class=\"col-12 tos_content_privacy_policy\">&#8211; Technische Cookies: Sie sind f\u00fcr das reibungslose Funktionieren der Website erforderlich. Sie k\u00f6nnen von dieser Domain oder von Dritten f\u00fcr Integrationsfunktionen mit sozialen Netzwerken und dergleichen bereitgestellt werden.<\/p>\n<p>&#8211; Analytische Cookies: Sie werden f\u00fcr die Erstellung anonymer Statistiken, die \u00dcberwachung des korrekten Funktionierens der Website und ihre Verbesserung verwendet. Diese Arten von Cookies k\u00f6nnen von dieser Dom\u00e4ne oder von Dritten bereitgestellt werden.\n<\/p><\/div>\n<div class=\"col-12 tos_title py-3 font-weight-bold\">Aufbewahrungsfristen f\u00fcr Daten<\/div>\n<div class=\"col-12 tos_content_privacy_policy\">Die Daten, die sich auf technische und analytische Cookies beziehen, werden f\u00fcr einen Zeitraum von 14 Monaten aufbewahrt.\n<\/div>\n<div class=\"col-12 tos_title py-3 font-weight-bold\">Deaktivieren von Cookies<\/div>\n<div class=\"col-12 tos_content_privacy_policy\">Die Nutzer k\u00f6nnen den Empfang von Cookies deaktivieren, indem sie die Einstellungen ihres Browsers \u00e4ndern. Bitte beachten Sie jedoch, dass dies zu einer Fehlfunktion der von dieser Website angebotenen Dienste f\u00fchren kann. Alternativ empfehlen wir Ihnen, die Funktion &#8222;Nicht verfolgen&#8220; oder &#8222;Inkognito-Browse&#8220; oder &#8222;Anonymes Surfen&#8220; in Ihrem Browser zu aktivieren. Nachstehend finden Sie die Links zu den Anleitungen zur Deaktivierung von Cookies f\u00fcr die g\u00e4ngigsten Browser:<\/p>\n<p>\u25cf Microsoft Internet Explorer (Link: http:\/\/windows.microsoft.com\/it-it\/windows7\/block-enable-or-allow-cookies)<br \/>\n<br \/>\n\u25cf Google Chrome (https:\/\/support.google.com\/accounts\/answer\/61416?hl=de)<br \/>\n<br \/>\n\u25cf Mozilla Firefox (Mozilla Firefox)<br \/>\n<br \/>\n\u25cf Apple Safari(https:\/\/support.apple.com\/kb\/PH19214?locale=it_IT)<br \/>\n<br \/>\n\u25cf Opera (http:\/\/help.opera.com\/Windows\/10.00\/it\/cookies.html)\n<\/div>\n<div class=\"col-12 tos_title py-3 font-weight-bold\">Haftungsausschluss: AI-Funktionalit\u00e4t Hinweis<\/div>\n<div class=\"col-12 tos_content_privacy_policy\">Durch die Nutzung der erweiterten Suche auf dieser Website erkennen Sie an und stimmen zu, dass Sie auch mit einer externen Plattform-API interagieren, die auf der Technologie von OpenAI basiert. Wir stellen diese Funktion nur aus Gr\u00fcnden der Bequemlichkeit und zu Informationszwecken zur Verf\u00fcgung.<\/p>\n<p>Bitte beachten Sie:<br \/>\nExterne Plattform-APIs: Die erweiterte Suchfunktion interagiert mit Technologien, die von OpenAI entwickelt und gehostet werden. Ihre Suchanfragen werden von OpenAI oder seinen Dienstleistern verarbeitet und k\u00f6nnen gespeichert werden, nicht von uns.<\/p>\n<p>Datenschutz: Bitte vermeiden Sie es, pers\u00f6nliche, sensible oder vertrauliche Informationen in der Suchanfrage anzugeben. Wir k\u00f6nnen die Vertraulichkeit oder Sicherheit der von Ihnen preisgegebenen Informationen nicht garantieren, und die Preisgabe solcher Informationen erfolgt auf Ihr eigenes Risiko.<\/p>\n<p>Wenn Sie die Suchfunktion nutzen, entbinden Sie uns von jeglicher Haftung im Zusammenhang mit der Nutzung der Suchfunktion oder dem Vertrauen auf die von ihr bereitgestellten Informationen und Antworten.<br \/>\n<br \/>\nLesen Sie die Datenschutzbestimmungen von OpenAI: https:\/\/openai.com\/policies\/eu-privacy-policy\n<\/div>\n<\/div>\n<\/div>\n<p><\/p>","protected":false},"excerpt":{"rendered":"<p>INFORMATIONEN \u00dcBER DIE VERARBEITUNG PERSONENBEZOGENER DATEN (gem. Art. 14 der EU-Verordnung 2016\/679) Grifo Multimedia srl, [&hellip;]<\/p>\n","protected":false},"author":1,"featured_media":0,"parent":0,"menu_order":0,"comment_status":"closed","ping_status":"closed","template":"","meta":{"footnotes":""},"class_list":["post-2887","page","type-page","status-publish","hentry"],"acf":[],"_links":{"self":[{"href":"https:\/\/platform.supercyberkids.eu\/de\/wp-json\/wp\/v2\/pages\/2887","targetHints":{"allow":["GET"]}}],"collection":[{"href":"https:\/\/platform.supercyberkids.eu\/de\/wp-json\/wp\/v2\/pages"}],"about":[{"href":"https:\/\/platform.supercyberkids.eu\/de\/wp-json\/wp\/v2\/types\/page"}],"author":[{"embeddable":true,"href":"https:\/\/platform.supercyberkids.eu\/de\/wp-json\/wp\/v2\/users\/1"}],"replies":[{"embeddable":true,"href":"https:\/\/platform.supercyberkids.eu\/de\/wp-json\/wp\/v2\/comments?post=2887"}],"version-history":[{"count":31,"href":"https:\/\/platform.supercyberkids.eu\/de\/wp-json\/wp\/v2\/pages\/2887\/revisions"}],"predecessor-version":[{"id":3106,"href":"https:\/\/platform.supercyberkids.eu\/de\/wp-json\/wp\/v2\/pages\/2887\/revisions\/3106"}],"wp:attachment":[{"href":"https:\/\/platform.supercyberkids.eu\/de\/wp-json\/wp\/v2\/media?parent=2887"}],"curies":[{"name":"wp","href":"https:\/\/api.w.org\/{rel}","templated":true}]}}