{"id":2887,"date":"2025-02-21T10:20:54","date_gmt":"2025-02-21T09:20:54","guid":{"rendered":"https:\/\/platform.supercyberkids.eu\/?page_id=2887"},"modified":"2025-07-24T12:38:43","modified_gmt":"2025-07-24T10:38:43","slug":"privacy-policy","status":"publish","type":"page","link":"https:\/\/platform.supercyberkids.eu\/et\/privacy-policy\/","title":{"rendered":"Privaatsuspoliitika"},"content":{"rendered":"<p><\/p>\n<div style=\"background-color: #ffffff; border: 1px solid #e0e0e0; padding: 2rem; border-radius: 8px; box-shadow: 0 4px 6px rgba(0, 0, 0, 0.05); max-width: 1400px; margin: 2rem auto;\">\n<div class=\"row m-0 pb-5\">\n<div class=\"col-12 tos_title py-3 font-weight-bold\"><strong>ISIKUANDMETE T\u00d6\u00d6TLEMISE TEAVE (vastavalt ELi m\u00e4\u00e4ruse (EL) 2016\/679 artiklile 14)<\/strong><\/div>\n<div class=\"col-12 tos_content_privacy_policy\">Grifo Multimedia srl, asukohaga via Galileo Galilei 15, 70037 &#8211; Ruvo di Puglia (BA), k\u00e4ibemaksukohustuslase number 04954210722, tel. +39 0804602093, pec. grifomultimedia@legalmail.it (edaspidi \u201eettev\u00f5te\u201c), kui vastutav t\u00f6\u00f6tleja, k\u00e4esolevas dokumendis vastavalt art. 13 Euroopa m\u00e4\u00e4ruse 679\/2016 isikuandmete kaitse kohta (edaspidi \u201eGDPR\u201c), annab teavet kasutajate\/klientide (edaspidi \u201eHuvitatud isik\u201c) isikuandmete t\u00f6\u00f6tlemise kohta, mida kogutakse Super Cyber Kids platvormi (edaspidi veebisait) juurdep\u00e4\u00e4sul, kui kasutajad registreerivad veebilehele ja sooritavad veebilehel tegevusi. <\/p>\n<p>Alla 14-aastastele lastele on platvormi v\u00f5i sellega seotud rakenduse kasutamine keelatud.\n<\/p><\/div>\n<div><\/div>\n<div class=\"col-12 tos_title py-3 font-weight-bold\"><strong>T\u00d6\u00d6TLEMISE EESM\u00c4RK JA \u00d5IGUSLIK ALUS<\/strong><\/div>\n<div class=\"col-12 tos_content_privacy_policy\">Ettev\u00f5tte poolt t\u00f6\u00f6deldavad isikuandmed h\u00f5lmavad n\u00e4itena ja mitte ammendavalt j\u00e4rgmisi isikuandmete liike:<br \/>\n<\/p>\n<ul>\n<li>\nidentifitseerimist v\u00f5imaldavad isikuandmed, nagu kasutajanimi, riik ja e-posti aadress;\n  <\/li>\n<p><\/p>\n<li>\nnavigatsiooniandmed, nagu IP-aadressid, logiandmed v\u00f5i domeeninimed ja muud parameetrid, mis on seotud kasutatavate arvutite, operatsioonis\u00fcsteemi ja IT-keskkonnaga; (edaspidi \u00fchiselt m\u00e4\u00e4ratletud kui \u201eandmed\u201c).\n    <\/li>\n<\/ul>\n<p>\nEttev\u00f5tte poolt kogutud isikuandmeid t\u00f6\u00f6deldakse j\u00e4rgmistel eesm\u00e4rkidel:<br \/>\n<\/p>\n<ul>\n<li>\nregistreerimine ja platvormi kasutamine. Sellise t\u00f6\u00f6tlemise \u00f5iguslik alus on lepingu t\u00e4itmine, milles huvitatud isik on osaline vastavalt ELi m\u00e4\u00e4ruse 679\/2016 artikli 6 l\u00f5ike 1 punktile b).\n    <\/li>\n<p><\/p>\n<li>\nPlatvormi ja pakutavate teenuste kasutamise kogemuse tuvastamine, et tagada veebilehtede ja nende sisu n\u00f5uetekohane toimimine. Sellise t\u00f6\u00f6tlemise \u00f5iguslik alus on andmet\u00f6\u00f6tleja \u00f5igustatud huvi j\u00e4rgimine vastavalt ELi m\u00e4\u00e4ruse 679\/2016 artikli 6 l\u00f5ike 1 punktile f).\n    <\/li>\n<\/ul>\n<\/div>\n<div class=\"col-12 tos_title py-3 font-weight-bold\"><strong>ANDMETE VASTUV\u00d5TJAD<\/strong><\/div>\n<div class=\"col-12 tos_content_privacy_policy\">Isikuandmete vastuv\u00f5tjad on j\u00e4rgmised:<\/p>\n<p>&#8211; j\u00e4relevalveasutused ja avalik-\u00f5iguslikud v\u00f5i era\u00f5iguslikud asutused, kellel on avaliku sektori \u00fclesanded;<\/p>\n<p>&#8211; kutse\u00fchingud v\u00f5i -ettev\u00f5tted abi- ja n\u00f5ustamissuhete raames;<\/p>\n<p>&#8211; Isikud, kes t\u00e4idavad kontrolli-, \u00fclevaatus- ja sertifitseerimiskohustusi seoses vastutava t\u00f6\u00f6tleja tegevusega;<\/p>\n<p>&#8211; Super Cyber Kids projekti konsortsiumi liikmed (ainult anon\u00fc\u00fcmselt).\n<\/p><\/div>\n<div><\/div>\n<div class=\"col-12 tos_title py-3 font-weight-bold\"><strong>HUVITATUD ISIKU \u00d5IGUSED<\/strong><\/div>\n<div class=\"col-12 tos_content_privacy_policy\">Huvitatud isikutel on \u00f5igus tutvuda oma isikuandmetega, taotleda nende parandamist v\u00f5i kustutamist, neid puudutavate isikuandmete t\u00f6\u00f6tlemise piiramist, esitada vastuv\u00e4iteid t\u00f6\u00f6tlemisele, esitada kaebus oma isikuandmete kaitseks. Nende \u00f5iguste kasutamiseks v\u00f5ivad huvitatud isikud kirjutada j\u00e4rgmisel e-posti aadressil: comunicazione@grifomultimedia.it.\n<\/div>\n<div><\/div>\n<div class=\"col-12 tos_title py-3 font-weight-bold\"><strong>TEAVE K\u00dcPSISTE KASUTAMISE KOHTA<\/strong><\/div>\n<div class=\"col-12 tos_content_privacy_policy\">Veebilehe k\u00fclastajatele v\u00f5idakse saata m\u00f5ned v\u00e4ga v\u00e4ikesed failid, mida nimetatakse \u201ek\u00fcpsisteks\u201c, et v\u00f5imaldada korrektset suhtlemist veebilehe funktsioonidega. Niinimetatud \u201ek\u00fcpsiste\u201c kasutamine on t\u00f6\u00f6stusstandard, mis on vajalik veebilehe n\u00f5uetekohaseks toimimiseks ja selle t\u00e4iustamiseks. K\u00fcpsised salvestatakse kasutaja arvutisse, mitte sellele veebilehele. Veebilehe kasutamise ajal v\u00f5ib kasutaja saada kolmandate isikute saadetud k\u00fcpsiseid.<\/p>\n<p>Sellel veebilehel kasutatavaid k\u00fcpsiseid kasutatakse j\u00e4rgmiste funktsioonide haldamiseks:<\/p>\n<ul>\n<li>\n&#8211; sisestatud eelistuste meeldej\u00e4tmine\n    <\/li>\n<li>\n&#8211; pakutavate teenuste kasutamise anal\u00fc\u00fcsimine, et optimeerida sirvimiskogemust\n    <\/li>\n<li>\n&#8211; veebilehe turvalisus ja terviklikkuse tagamine.\n    <\/li>\n<\/ul>\n<\/div>\n<div class=\"col-12 tos_title py-3 font-weight-bold\">K\u00fcpsiste omadused ja eesm\u00e4rgid<\/div>\n<div class=\"col-12 tos_content_privacy_policy\">&#8211; Tehnilised k\u00fcpsised: need on vajalikud veebilehe n\u00f5uetekohaseks toimimiseks. Neid v\u00f5ib pakkuda see domeen v\u00f5i kolmandad osapooled sotsiaalv\u00f5rgustike jms integratsioonifunktsioonide jaoks.<\/p>\n<p>&#8211; Anal\u00fc\u00fctilised k\u00fcpsised: neid kasutatakse anon\u00fc\u00fcmse statistika koostamiseks, veebilehe n\u00f5uetekohase toimimise j\u00e4lgimiseks ja selle t\u00e4iustamiseks. Seda t\u00fc\u00fcpi k\u00fcpsiseid v\u00f5ib pakkuda see domeen v\u00f5i kolmandad isikud.\n<\/p><\/div>\n<div class=\"col-12 tos_title py-3 font-weight-bold\">Andmete s\u00e4ilitamise aeg<\/div>\n<div class=\"col-12 tos_content_privacy_policy\">Tehniliste ja anal\u00fc\u00fctiliste k\u00fcpsiste andmeid s\u00e4ilitatakse 14 kuud.\n<\/div>\n<div class=\"col-12 tos_title py-3 font-weight-bold\">K\u00fcpsiste keelamine<\/div>\n<div class=\"col-12 tos_content_privacy_policy\">Kasutajad v\u00f5ivad otsustada k\u00fcpsiste vastuv\u00f5tmise keelata, muutes oma veebilehitseja seadeid, kuid palun arvestage, et see v\u00f5ib p\u00f5hjustada selle veebilehe pakutavate teenuste t\u00f5rkeid. Teise v\u00f5imalusena soovitame teil lubada oma brauseris funktsiooni \u201e\u00c4ra j\u00e4lgi\u201c v\u00f5i \u201einkognito sirvimine\u201c v\u00f5i \u201eanon\u00fc\u00fcmne sirvimine\u201c. Allpool on lingid k\u00fcpsiste keelamise juhistele k\u00f5ige populaarsemate brauserite jaoks:<\/p>\n<p>\u25cf Microsoft Internet Explorer (link: http:\/\/windows.microsoft.com\/it-it\/windows7\/block-enable-or-allow-cookies)<\/p>\n<p>\u25cf Google Chrome (https:\/\/support.google.com\/accounts\/answer\/61416?hl=de)<\/p>\n<p>\u25cf Mozilla Firefox (Mozilla Firefox)<\/p>\n<p>\u25cf Apple Safari (https:\/\/support.apple.com\/kb\/PH19214?locale=it_IT)<\/p>\n<p>\u25cf Opera (http:\/\/help.opera.com\/Windows\/10.00\/it\/cookies.html)\n<\/p><\/div>\n<div class=\"col-12 tos_title py-3 font-weight-bold\">Vastutusest loobumine: AI funktsionaalsuse teatis<\/div>\n<div class=\"col-12 tos_content_privacy_policy\">Kasutades selle veebilehe t\u00e4iustatud otsingufunktsiooni, tunnistate ja n\u00f5ustute, et suhtlete ka v\u00e4lise platvormi API-dega, mis p\u00f5hinevad OpenAI tehnoloogial. Pakume seda funktsiooni ainult mugavuse ja teavitamise eesm\u00e4rgil.<\/p>\n<p>Palun v\u00f5tke arvesse:<br \/>\nV\u00e4lise platvormi API-d: T\u00e4iustatud otsingu funktsioon suhtleb OpenAI poolt v\u00e4lja t\u00f6\u00f6tatud ja hallatava tehnoloogiaga. Teie otsingup\u00e4ringuid t\u00f6\u00f6tleb ja v\u00f5ib salvestada OpenAI v\u00f5i selle teenusepakkujad, mitte meie.<\/p>\n<p>Privaatsus: Palun v\u00e4ltige isikliku, tundliku v\u00f5i konfidentsiaalse teabe jagamist otsingup\u00e4ringus. Me ei saa garanteerida teie poolt avaldatud teabe privaatsust v\u00f5i turvalisust ning selline avalikustamine toimub teie enda vastutusel.<\/p>\n<p>Kasutades otsingufunktsiooni, vabastate meid igasugusest vastutusest, mis on seotud otsingufunktsiooni kasutamisega v\u00f5i selle kaudu esitatud teabele ja vastustele tuginemisega.<br \/>\n<br \/>\nLugege OpenAI privaatsuspoliitikat: https:\/\/openai.com\/policies\/eu-privacy-policy.\n<\/div>\n<\/div>\n<\/div>\n<p><\/p>","protected":false},"excerpt":{"rendered":"<p>ISIKUANDMETE T\u00d6\u00d6TLEMISE TEAVE (vastavalt ELi m\u00e4\u00e4ruse (EL) 2016\/679 artiklile 14) Grifo Multimedia srl, asukohaga via [&hellip;]<\/p>\n","protected":false},"author":1,"featured_media":0,"parent":0,"menu_order":0,"comment_status":"closed","ping_status":"closed","template":"","meta":{"footnotes":""},"class_list":["post-2887","page","type-page","status-publish","hentry"],"acf":[],"_links":{"self":[{"href":"https:\/\/platform.supercyberkids.eu\/et\/wp-json\/wp\/v2\/pages\/2887","targetHints":{"allow":["GET"]}}],"collection":[{"href":"https:\/\/platform.supercyberkids.eu\/et\/wp-json\/wp\/v2\/pages"}],"about":[{"href":"https:\/\/platform.supercyberkids.eu\/et\/wp-json\/wp\/v2\/types\/page"}],"author":[{"embeddable":true,"href":"https:\/\/platform.supercyberkids.eu\/et\/wp-json\/wp\/v2\/users\/1"}],"replies":[{"embeddable":true,"href":"https:\/\/platform.supercyberkids.eu\/et\/wp-json\/wp\/v2\/comments?post=2887"}],"version-history":[{"count":31,"href":"https:\/\/platform.supercyberkids.eu\/et\/wp-json\/wp\/v2\/pages\/2887\/revisions"}],"predecessor-version":[{"id":3106,"href":"https:\/\/platform.supercyberkids.eu\/et\/wp-json\/wp\/v2\/pages\/2887\/revisions\/3106"}],"wp:attachment":[{"href":"https:\/\/platform.supercyberkids.eu\/et\/wp-json\/wp\/v2\/media?parent=2887"}],"curies":[{"name":"wp","href":"https:\/\/api.w.org\/{rel}","templated":true}]}}